{"id":418,"date":"2017-04-03T16:41:42","date_gmt":"2017-04-03T19:41:42","guid":{"rendered":"http:\/\/todoalfalfa.com.ar\/?page_id=418"},"modified":"2017-04-03T17:05:07","modified_gmt":"2017-04-03T20:05:07","slug":"politica-de-privacidad","status":"publish","type":"page","link":"https:\/\/www.todoalfalfa.com.ar\/noticias\/politica-de-privacidad\/","title":{"rendered":"Pol\u00edtica de privacidad"},"content":{"rendered":"<p>El sitio TodoAlfalfa.com.ar est\u00e1 comprometido a garantizar la confidencialidad de sus servicios en l\u00ednea. El documento que sigue sirve para entender el tratamiento que damos a su informaci\u00f3n personal cuando se suscribe a nuestros servicios.<br \/>\nEsta Normativa de confidencialidad habla del uso que le damos a la informaci\u00f3n personal que proporciona a TodoAlfalfa.com.ar cuando se suscribe a nuestro newsletter informativo.<\/p>\n<p><strong>Recopilaci\u00f3n y uso de informaci\u00f3n<\/strong><\/p>\n<p>TodoAlfalfa.com.ar recoge informaci\u00f3n personal de usuarios que se inscriben para recibir boletines electr\u00f3nicos gratuitos con informaci\u00f3n period\u00edstica o de negocios.<br \/>\nCuando se inscribe en los boletines de TodoAlfalfa.com.ar, nosotros le solicitamos los siguientes datos: nombre y apellido, correo electr\u00f3nico, profesi\u00f3n, tel\u00e9fono, ciudad, provincia y pa\u00eds de pertenencia.<\/p>\n<p>TodoAlfalfa.com.ar utiliza esos datos para:<br \/>\n1. enviar Boletines period\u00edsticos regulares<br \/>\n2. enviar informaci\u00f3n de negocios contratada por terceros.<\/p>\n<p>En cualquier caso nuestros usuarios pueden optar por no recibir informaci\u00f3n de terceros enviando un mensaje a &#x63;&#111;&#110;t&#x61;&#x63;&#116;o&#x40;&#x74;&#111;d&#x6f;&#x61;&#108;f&#x61;&#x6c;&#102;a&#x2e;&#x63;&#111;m&#x2e;&#x61;&#114; con el asunto \u00abBoletines S\u00ed, otros env\u00edos No\u00bb.<\/p>\n<p>Usted puede solicitar que se eliminen sus datos de nuestra base para no recibir m\u00e1s nuestros boletines period\u00edsticos electr\u00f3nicos. Basta con enviar un mensaje por correo electr\u00f3nico a <a href=\"&#x6d;&#97;&#x69;&#x6c;&#116;&#x6f;&#x3a;&#115;&#x75;&#x73;&#99;&#x72;&#x69;p&#x63;&#x69;o&#x6e;&#64;t&#x6f;&#100;o&#x61;&#108;f&#x61;&#108;f&#x61;&#46;c&#x6f;&#109;&#46;&#x61;&#114;\">&#x73;&#x75;&#x73;&#x63;&#x72;&#x69;&#x70;&#x63;&#x69;&#x6f;&#x6e;&#64;&#116;&#111;&#100;&#111;&#97;&#108;falfa&#46;&#x63;&#x6f;&#x6d;&#x2e;&#x61;&#x72;<\/a> desde la direcci\u00f3n de correo electr\u00f3nico con la cual est\u00e1 registrado, con el mensaje \u201cNo deseo m\u00e1s env\u00edos\u201d.<\/p>\n<p>TodoAlfalfa.com.ar no vende, o intercambia direcciones de correo ni cualquier otra informaci\u00f3n personal, profesional o financiera de nuestros clientes con ninguna otra empresa o entidad.<\/p>\n<p><strong>Modificaciones a esta Normativa de confidencialidad<\/strong><\/p>\n<p>TodoAlfalfa.com.ar realiza enmiendas a esta normativa ocasionalmente. Si los cambios que realizamos son importantes y afectan directamente al uso que le damos a la informaci\u00f3n personal de nuestros usuarios, se los haremos saber colocando en nuestras p\u00e1ginas y boletines avisos destacados al respecto.<\/p>\n<p><strong>Dudas o sugerencias<\/strong><\/p>\n<p>Si tiene dudas o sugerencias respecto de nuestra Normativa de confidencialidad, puede enviarnos un mensaje a <a href=\"&#109;&#x61;&#105;&#x6c;&#116;&#x6f;:&#x63;o&#x6e;t&#97;&#x63;&#116;&#x6f;&#64;&#x74;&#111;&#x64;o&#x61;l&#x66;a&#108;&#x66;&#97;&#x2e;&#99;&#x6f;&#109;&#x2e;a&#x72;\">&#99;&#x6f;&#110;&#x74;&#97;&#x63;&#116;&#x6f;&#64;&#x74;o&#x64;o&#x61;l&#102;&#x61;&#108;&#x66;&#97;&#x2e;&#99;&#x6f;&#109;&#x2e;a&#x72;<\/a><\/p>\n<div class=\"todoalfalfa-final-de-la-nota\" id=\"todoalfalfa-3406767668\"><a href=\"https:\/\/www.whatsapp.com\/channel\/0029VbCBmFB9WtBxJsD3eC2i\" target=\"_blank\" aria-label=\"5\"><img src=\"https:\/\/i0.wp.com\/www.todoalfalfa.com.ar\/noticias\/wp-content\/uploads\/2026\/04\/5.gif?fit=728%2C90&#038;ssl=1\" alt=\"\"  width=\"728\" height=\"90\"   \/><\/a><\/div>","protected":false},"excerpt":{"rendered":"<p>El sitio TodoAlfalfa.com.ar est&aacute; comprometido a garantizar la confidencialidad de sus servicios en l&iacute;nea. El documento que sigue sirve para&#8230;<\/p>\n","protected":false},"author":5,"featured_media":0,"parent":0,"menu_order":0,"comment_status":"closed","ping_status":"closed","template":"template-full.php","meta":{"jetpack_post_was_ever_published":false,"footnotes":""},"class_list":["post-418","page","type-page","status-publish","hentry"],"yoast_head":"<!-- This site is optimized with the Yoast SEO plugin v25.5 - https:\/\/yoast.com\/wordpress\/plugins\/seo\/ -->\n<title>Pol\u00edtica de privacidad<\/title>\n<meta name=\"robots\" content=\"index, follow, max-snippet:-1, max-image-preview:large, max-video-preview:-1\" \/>\n<link rel=\"canonical\" href=\"https:\/\/www.todoalfalfa.com.ar\/noticias\/politica-de-privacidad\/\" \/>\n<meta property=\"og:locale\" content=\"es_ES\" \/>\n<meta property=\"og:type\" content=\"article\" \/>\n<meta property=\"og:title\" content=\"Pol\u00edtica de privacidad\" \/>\n<meta property=\"og:description\" content=\"El sitio TodoAlfalfa.com.ar est&aacute; comprometido a garantizar la confidencialidad de sus servicios en l&iacute;nea. El documento que sigue sirve para...\" \/>\n<meta property=\"og:url\" content=\"https:\/\/www.todoalfalfa.com.ar\/noticias\/politica-de-privacidad\/\" \/>\n<meta property=\"og:site_name\" content=\"Todo Alfalfa\" \/>\n<meta property=\"article:publisher\" content=\"https:\/\/www.facebook.com\/todoalfalfa\" \/>\n<meta property=\"article:modified_time\" content=\"2017-04-03T20:05:07+00:00\" \/>\n<meta property=\"og:image\" content=\"https:\/\/i0.wp.com\/www.todoalfalfa.com.ar\/noticias\/wp-content\/uploads\/2021\/01\/todo-alfalfa-captura-facebook.jpg?fit=1024%2C576&ssl=1\" \/>\n\t<meta property=\"og:image:width\" content=\"1024\" \/>\n\t<meta property=\"og:image:height\" content=\"576\" \/>\n\t<meta property=\"og:image:type\" content=\"image\/jpeg\" \/>\n<meta name=\"twitter:card\" content=\"summary_large_image\" \/>\n<meta name=\"twitter:label1\" content=\"Tiempo de lectura\" \/>\n\t<meta name=\"twitter:data1\" content=\"2 minutos\" \/>\n<script type=\"application\/ld+json\" class=\"yoast-schema-graph\">{\"@context\":\"https:\/\/schema.org\",\"@graph\":[{\"@type\":\"WebPage\",\"@id\":\"https:\/\/www.todoalfalfa.com.ar\/noticias\/politica-de-privacidad\/\",\"url\":\"https:\/\/www.todoalfalfa.com.ar\/noticias\/politica-de-privacidad\/\",\"name\":\"Pol\u00edtica de privacidad\",\"isPartOf\":{\"@id\":\"https:\/\/www.todoalfalfa.com.ar\/noticias\/#website\"},\"datePublished\":\"2017-04-03T19:41:42+00:00\",\"dateModified\":\"2017-04-03T20:05:07+00:00\",\"breadcrumb\":{\"@id\":\"https:\/\/www.todoalfalfa.com.ar\/noticias\/politica-de-privacidad\/#breadcrumb\"},\"inLanguage\":\"es\",\"potentialAction\":[{\"@type\":\"ReadAction\",\"target\":[\"https:\/\/www.todoalfalfa.com.ar\/noticias\/politica-de-privacidad\/\"]}]},{\"@type\":\"BreadcrumbList\",\"@id\":\"https:\/\/www.todoalfalfa.com.ar\/noticias\/politica-de-privacidad\/#breadcrumb\",\"itemListElement\":[{\"@type\":\"ListItem\",\"position\":1,\"name\":\"Principal\",\"item\":\"https:\/\/www.todoalfalfa.com.ar\/noticias\/\"},{\"@type\":\"ListItem\",\"position\":2,\"name\":\"Pol\u00edtica de privacidad\"}]},{\"@type\":\"WebSite\",\"@id\":\"https:\/\/www.todoalfalfa.com.ar\/noticias\/#website\",\"url\":\"https:\/\/www.todoalfalfa.com.ar\/noticias\/\",\"name\":\"Todo Alfalfa\",\"description\":\"Web informativa de la cadena de la alfalfa argentina\",\"publisher\":{\"@id\":\"https:\/\/www.todoalfalfa.com.ar\/noticias\/#organization\"},\"potentialAction\":[{\"@type\":\"SearchAction\",\"target\":{\"@type\":\"EntryPoint\",\"urlTemplate\":\"https:\/\/www.todoalfalfa.com.ar\/noticias\/?s={search_term_string}\"},\"query-input\":{\"@type\":\"PropertyValueSpecification\",\"valueRequired\":true,\"valueName\":\"search_term_string\"}}],\"inLanguage\":\"es\"},{\"@type\":\"Organization\",\"@id\":\"https:\/\/www.todoalfalfa.com.ar\/noticias\/#organization\",\"name\":\"Todo Alfalfa\",\"url\":\"https:\/\/www.todoalfalfa.com.ar\/noticias\/\",\"logo\":{\"@type\":\"ImageObject\",\"inLanguage\":\"es\",\"@id\":\"https:\/\/www.todoalfalfa.com.ar\/noticias\/#\/schema\/logo\/image\/\",\"url\":\"https:\/\/www.todoalfalfa.com.ar\/noticias\/wp-content\/uploads\/2020\/09\/logo-todo-alfalfa-modificado.png\",\"contentUrl\":\"https:\/\/www.todoalfalfa.com.ar\/noticias\/wp-content\/uploads\/2020\/09\/logo-todo-alfalfa-modificado.png\",\"width\":350,\"height\":100,\"caption\":\"Todo Alfalfa\"},\"image\":{\"@id\":\"https:\/\/www.todoalfalfa.com.ar\/noticias\/#\/schema\/logo\/image\/\"},\"sameAs\":[\"https:\/\/www.facebook.com\/todoalfalfa\",\"https:\/\/www.instagram.com\/todoalfalfa\",\"https:\/\/www.youtube.com\/@TodoAlfalfa\",\"https:\/\/www.linkedin.com\/company\/todoalfalfa\/\"]}]}<\/script>\n<!-- \/ Yoast SEO plugin. -->","yoast_head_json":{"title":"Pol\u00edtica de privacidad","robots":{"index":"index","follow":"follow","max-snippet":"max-snippet:-1","max-image-preview":"max-image-preview:large","max-video-preview":"max-video-preview:-1"},"canonical":"https:\/\/www.todoalfalfa.com.ar\/noticias\/politica-de-privacidad\/","og_locale":"es_ES","og_type":"article","og_title":"Pol\u00edtica de privacidad","og_description":"El sitio TodoAlfalfa.com.ar est&aacute; comprometido a garantizar la confidencialidad de sus servicios en l&iacute;nea. El documento que sigue sirve para...","og_url":"https:\/\/www.todoalfalfa.com.ar\/noticias\/politica-de-privacidad\/","og_site_name":"Todo Alfalfa","article_publisher":"https:\/\/www.facebook.com\/todoalfalfa","article_modified_time":"2017-04-03T20:05:07+00:00","og_image":[{"width":1024,"height":576,"url":"https:\/\/i0.wp.com\/www.todoalfalfa.com.ar\/noticias\/wp-content\/uploads\/2021\/01\/todo-alfalfa-captura-facebook.jpg?fit=1024%2C576&ssl=1","type":"image\/jpeg"}],"twitter_card":"summary_large_image","twitter_misc":{"Tiempo de lectura":"2 minutos"},"schema":{"@context":"https:\/\/schema.org","@graph":[{"@type":"WebPage","@id":"https:\/\/www.todoalfalfa.com.ar\/noticias\/politica-de-privacidad\/","url":"https:\/\/www.todoalfalfa.com.ar\/noticias\/politica-de-privacidad\/","name":"Pol\u00edtica de privacidad","isPartOf":{"@id":"https:\/\/www.todoalfalfa.com.ar\/noticias\/#website"},"datePublished":"2017-04-03T19:41:42+00:00","dateModified":"2017-04-03T20:05:07+00:00","breadcrumb":{"@id":"https:\/\/www.todoalfalfa.com.ar\/noticias\/politica-de-privacidad\/#breadcrumb"},"inLanguage":"es","potentialAction":[{"@type":"ReadAction","target":["https:\/\/www.todoalfalfa.com.ar\/noticias\/politica-de-privacidad\/"]}]},{"@type":"BreadcrumbList","@id":"https:\/\/www.todoalfalfa.com.ar\/noticias\/politica-de-privacidad\/#breadcrumb","itemListElement":[{"@type":"ListItem","position":1,"name":"Principal","item":"https:\/\/www.todoalfalfa.com.ar\/noticias\/"},{"@type":"ListItem","position":2,"name":"Pol\u00edtica de privacidad"}]},{"@type":"WebSite","@id":"https:\/\/www.todoalfalfa.com.ar\/noticias\/#website","url":"https:\/\/www.todoalfalfa.com.ar\/noticias\/","name":"Todo Alfalfa","description":"Web informativa de la cadena de la alfalfa argentina","publisher":{"@id":"https:\/\/www.todoalfalfa.com.ar\/noticias\/#organization"},"potentialAction":[{"@type":"SearchAction","target":{"@type":"EntryPoint","urlTemplate":"https:\/\/www.todoalfalfa.com.ar\/noticias\/?s={search_term_string}"},"query-input":{"@type":"PropertyValueSpecification","valueRequired":true,"valueName":"search_term_string"}}],"inLanguage":"es"},{"@type":"Organization","@id":"https:\/\/www.todoalfalfa.com.ar\/noticias\/#organization","name":"Todo Alfalfa","url":"https:\/\/www.todoalfalfa.com.ar\/noticias\/","logo":{"@type":"ImageObject","inLanguage":"es","@id":"https:\/\/www.todoalfalfa.com.ar\/noticias\/#\/schema\/logo\/image\/","url":"https:\/\/www.todoalfalfa.com.ar\/noticias\/wp-content\/uploads\/2020\/09\/logo-todo-alfalfa-modificado.png","contentUrl":"https:\/\/www.todoalfalfa.com.ar\/noticias\/wp-content\/uploads\/2020\/09\/logo-todo-alfalfa-modificado.png","width":350,"height":100,"caption":"Todo Alfalfa"},"image":{"@id":"https:\/\/www.todoalfalfa.com.ar\/noticias\/#\/schema\/logo\/image\/"},"sameAs":["https:\/\/www.facebook.com\/todoalfalfa","https:\/\/www.instagram.com\/todoalfalfa","https:\/\/www.youtube.com\/@TodoAlfalfa","https:\/\/www.linkedin.com\/company\/todoalfalfa\/"]}]}},"wps_subtitle":"","jetpack_sharing_enabled":true,"_links":{"self":[{"href":"https:\/\/www.todoalfalfa.com.ar\/noticias\/wp-json\/wp\/v2\/pages\/418","targetHints":{"allow":["GET"]}}],"collection":[{"href":"https:\/\/www.todoalfalfa.com.ar\/noticias\/wp-json\/wp\/v2\/pages"}],"about":[{"href":"https:\/\/www.todoalfalfa.com.ar\/noticias\/wp-json\/wp\/v2\/types\/page"}],"author":[{"embeddable":true,"href":"https:\/\/www.todoalfalfa.com.ar\/noticias\/wp-json\/wp\/v2\/users\/5"}],"replies":[{"embeddable":true,"href":"https:\/\/www.todoalfalfa.com.ar\/noticias\/wp-json\/wp\/v2\/comments?post=418"}],"version-history":[{"count":0,"href":"https:\/\/www.todoalfalfa.com.ar\/noticias\/wp-json\/wp\/v2\/pages\/418\/revisions"}],"wp:attachment":[{"href":"https:\/\/www.todoalfalfa.com.ar\/noticias\/wp-json\/wp\/v2\/media?parent=418"}],"curies":[{"name":"wp","href":"https:\/\/api.w.org\/{rel}","templated":true}]}}